{"id":1631,"date":"2020-09-24T10:43:37","date_gmt":"2020-09-24T08:43:37","guid":{"rendered":"http:\/\/dev.sinus-leistungselektronik.de\/startseite\/"},"modified":"2020-12-09T14:04:53","modified_gmt":"2020-12-09T13:04:53","slug":"startseite","status":"publish","type":"page","link":"https:\/\/www.sinus-leistungselektronik.de\/ru\/","title":{"rendered":"\u0414\u043e\u043c\u0430\u0448\u043d\u044f\u044f \u0441\u0442\u0440\u0430\u043d\u0438\u0446\u0430"},"content":{"rendered":"","protected":false},"excerpt":{"rendered":"","protected":false},"author":1,"featured_media":0,"parent":0,"menu_order":10,"comment_status":"closed","ping_status":"closed","template":"index.php","meta":{"_acf_changed":false,"footnotes":""},"class_list":["post-1631","page","type-page","status-publish","hentry"],"acf":[],"yoast_head":"<!-- This site is optimized with the Yoast SEO plugin v25.8 - https:\/\/yoast.com\/wordpress\/plugins\/seo\/ -->\n<title>Sinus Leistungselektronik - Stromversorgungstechnik aus D\u00fcsseldorf<\/title>\n<meta name=\"description\" content=\"Akkuladeger\u00e4te, akkugest\u00fctzte Notstromversorgungen (DC\/AC-USV\/ Gleichrichteranlagen\/ Batterieanlage), Wechselrichter und andere mehr...\" \/>\n<meta name=\"robots\" content=\"index, follow, max-snippet:-1, max-image-preview:large, max-video-preview:-1\" \/>\n<link rel=\"canonical\" href=\"https:\/\/www.sinus-leistungselektronik.de\/ru\/\" \/>\n<meta property=\"og:locale\" content=\"ru_RU\" \/>\n<meta property=\"og:type\" content=\"article\" \/>\n<meta property=\"og:title\" content=\"Sinus Leistungselektronik - Stromversorgungstechnik aus D\u00fcsseldorf\" \/>\n<meta property=\"og:description\" content=\"Akkuladeger\u00e4te, akkugest\u00fctzte Notstromversorgungen (DC\/AC-USV\/ Gleichrichteranlagen\/ Batterieanlage), Wechselrichter und andere mehr...\" \/>\n<meta property=\"og:url\" content=\"https:\/\/www.sinus-leistungselektronik.de\/ru\/\" \/>\n<meta property=\"og:site_name\" content=\"Sinus Leistungselektronik - Stromversorgungstechnik aus D\u00fcsseldorf\" \/>\n<meta property=\"article:modified_time\" content=\"2020-12-09T13:04:53+00:00\" \/>\n<meta name=\"twitter:card\" content=\"summary_large_image\" \/>\n<script type=\"application\/ld+json\" class=\"yoast-schema-graph\">{\"@context\":\"https:\/\/schema.org\",\"@graph\":[{\"@type\":\"WebPage\",\"@id\":\"https:\/\/www.sinus-leistungselektronik.de\/ru\/\",\"url\":\"https:\/\/www.sinus-leistungselektronik.de\/ru\/\",\"name\":\"Sinus Leistungselektronik - Stromversorgungstechnik aus D\u00fcsseldorf\",\"isPartOf\":{\"@id\":\"https:\/\/www.sinus-leistungselektronik.de\/ru\/#website\"},\"datePublished\":\"2020-09-24T08:43:37+00:00\",\"dateModified\":\"2020-12-09T13:04:53+00:00\",\"description\":\"Akkuladeger\u00e4te, akkugest\u00fctzte Notstromversorgungen (DC\/AC-USV\/ Gleichrichteranlagen\/ Batterieanlage), Wechselrichter und andere mehr...\",\"inLanguage\":\"ru-RU\",\"potentialAction\":[{\"@type\":\"ReadAction\",\"target\":[\"https:\/\/www.sinus-leistungselektronik.de\/ru\/\"]}]},{\"@type\":\"WebSite\",\"@id\":\"https:\/\/www.sinus-leistungselektronik.de\/ru\/#website\",\"url\":\"https:\/\/www.sinus-leistungselektronik.de\/ru\/\",\"name\":\"Sinus Leistungselektronik - Stromversorgungstechnik aus D\u00fcsseldorf\",\"description\":\"\",\"potentialAction\":[{\"@type\":\"SearchAction\",\"target\":{\"@type\":\"EntryPoint\",\"urlTemplate\":\"https:\/\/www.sinus-leistungselektronik.de\/ru\/?s={search_term_string}\"},\"query-input\":{\"@type\":\"PropertyValueSpecification\",\"valueRequired\":true,\"valueName\":\"search_term_string\"}}],\"inLanguage\":\"ru-RU\"}]}<\/script>\n<!-- \/ Yoast SEO plugin. -->","yoast_head_json":{"title":"Sinus Leistungselektronik - Stromversorgungstechnik aus D\u00fcsseldorf","description":"Akkuladeger\u00e4te, akkugest\u00fctzte Notstromversorgungen (DC\/AC-USV\/ Gleichrichteranlagen\/ Batterieanlage), Wechselrichter und andere mehr...","robots":{"index":"index","follow":"follow","max-snippet":"max-snippet:-1","max-image-preview":"max-image-preview:large","max-video-preview":"max-video-preview:-1"},"canonical":"https:\/\/www.sinus-leistungselektronik.de\/ru\/","og_locale":"ru_RU","og_type":"article","og_title":"Sinus Leistungselektronik - Stromversorgungstechnik aus D\u00fcsseldorf","og_description":"Akkuladeger\u00e4te, akkugest\u00fctzte Notstromversorgungen (DC\/AC-USV\/ Gleichrichteranlagen\/ Batterieanlage), Wechselrichter und andere mehr...","og_url":"https:\/\/www.sinus-leistungselektronik.de\/ru\/","og_site_name":"Sinus Leistungselektronik - Stromversorgungstechnik aus D\u00fcsseldorf","article_modified_time":"2020-12-09T13:04:53+00:00","twitter_card":"summary_large_image","schema":{"@context":"https:\/\/schema.org","@graph":[{"@type":"WebPage","@id":"https:\/\/www.sinus-leistungselektronik.de\/ru\/","url":"https:\/\/www.sinus-leistungselektronik.de\/ru\/","name":"Sinus Leistungselektronik - Stromversorgungstechnik aus D\u00fcsseldorf","isPartOf":{"@id":"https:\/\/www.sinus-leistungselektronik.de\/ru\/#website"},"datePublished":"2020-09-24T08:43:37+00:00","dateModified":"2020-12-09T13:04:53+00:00","description":"Akkuladeger\u00e4te, akkugest\u00fctzte Notstromversorgungen (DC\/AC-USV\/ Gleichrichteranlagen\/ Batterieanlage), Wechselrichter und andere mehr...","inLanguage":"ru-RU","potentialAction":[{"@type":"ReadAction","target":["https:\/\/www.sinus-leistungselektronik.de\/ru\/"]}]},{"@type":"WebSite","@id":"https:\/\/www.sinus-leistungselektronik.de\/ru\/#website","url":"https:\/\/www.sinus-leistungselektronik.de\/ru\/","name":"Sinus Leistungselektronik - Stromversorgungstechnik aus D\u00fcsseldorf","description":"","potentialAction":[{"@type":"SearchAction","target":{"@type":"EntryPoint","urlTemplate":"https:\/\/www.sinus-leistungselektronik.de\/ru\/?s={search_term_string}"},"query-input":{"@type":"PropertyValueSpecification","valueRequired":true,"valueName":"search_term_string"}}],"inLanguage":"ru-RU"}]}},"_links":{"self":[{"href":"https:\/\/www.sinus-leistungselektronik.de\/ru\/wp-json\/wp\/v2\/pages\/1631","targetHints":{"allow":["GET"]}}],"collection":[{"href":"https:\/\/www.sinus-leistungselektronik.de\/ru\/wp-json\/wp\/v2\/pages"}],"about":[{"href":"https:\/\/www.sinus-leistungselektronik.de\/ru\/wp-json\/wp\/v2\/types\/page"}],"author":[{"embeddable":true,"href":"https:\/\/www.sinus-leistungselektronik.de\/ru\/wp-json\/wp\/v2\/users\/1"}],"replies":[{"embeddable":true,"href":"https:\/\/www.sinus-leistungselektronik.de\/ru\/wp-json\/wp\/v2\/comments?post=1631"}],"version-history":[{"count":5,"href":"https:\/\/www.sinus-leistungselektronik.de\/ru\/wp-json\/wp\/v2\/pages\/1631\/revisions"}],"predecessor-version":[{"id":1880,"href":"https:\/\/www.sinus-leistungselektronik.de\/ru\/wp-json\/wp\/v2\/pages\/1631\/revisions\/1880"}],"wp:attachment":[{"href":"https:\/\/www.sinus-leistungselektronik.de\/ru\/wp-json\/wp\/v2\/media?parent=1631"}],"curies":[{"name":"wp","href":"https:\/\/api.w.org\/{rel}","templated":true}]}}